{"id":229870,"date":"2024-04-24T08:35:13","date_gmt":"2024-04-24T08:35:13","guid":{"rendered":"https:\/\/m-viererbe.e-commerce-uebungsplattform.de\/?post_type=product&#038;p=229870"},"modified":"2024-04-24T08:54:32","modified_gmt":"2024-04-24T08:54:32","slug":"luxus-ring-diamant","status":"publish","type":"product","link":"https:\/\/m-viererbe.e-commerce-uebungsplattform.de\/index.php\/produkt\/luxus-ring-diamant\/","title":{"rendered":"Luxus Ring Diamant"},"content":{"rendered":"<p>Unser Diamtring aus Wei\u00dfgold verk\u00f6rpert zeitlose Eleganz und Raffinesse. Er besteht aus hochwertigem Wei\u00dfgold, das f\u00fcr seine edle Ausstrahlung und seine Langlebigkeit bekannt ist. Im Mittelpunkt des Rings thront ein strahlender Diamant, der mit seinem unvergleichlichen Glanz und seiner Sch\u00f6nheit beeindruckt. Jeder Ring wird von erfahrenen Goldschmieden in aufwendiger Handarbeit gefertigt, wobei besonderer Wert auf exquisites Detail und feine Verarbeitung gelegt wird. Das edle und luxuri\u00f6se Design des Rings verleiht jedem Anlass einen Hauch von Eleganz und macht ihn zu einem zeitlosen Accessoire. Dank der verstellbaren Gr\u00f6\u00dfe ist ein bequemes Tragen gew\u00e4hrleistet und eine einfache Anpassung an verschiedene Fingergr\u00f6\u00dfen m\u00f6glich. Dieser Diamtring ist das perfekte Schmuckst\u00fcck f\u00fcr besondere Anl\u00e4sse wie Verlobungen, Jubil\u00e4en oder andere bedeutende Ereignisse. Die im Ring verwendeten Diamanten werden sorgf\u00e4ltig ausgew\u00e4hlt und zeichnen sich durch ihre hohe Qualit\u00e4t und Klarheit aus, was zu einem beeindruckenden Gesamterscheinungsbild f\u00fchrt.<\/p>\n","protected":false},"excerpt":{"rendered":"<ul>\n<li>Hochwertiges Wei\u00dfgoldmaterial f\u00fcr zeitlose Eleganz und Langlebigkeit<\/li>\n<li>Brillanter Diamant im Zentrum f\u00fcr unvergleichlichen Glanz und Sch\u00f6nheit<\/li>\n<li>Handgefertigt von erfahrenen Goldschmieden f\u00fcr exquisite Detailarbeit<\/li>\n<\/ul>\n","protected":false},"featured_media":229869,"comment_status":"open","ping_status":"closed","template":"","meta":{"_et_pb_use_builder":"","_et_pb_old_content":"","_et_gb_content_width":""},"product_cat":[15],"product_tag":[],"_links":{"self":[{"href":"https:\/\/m-viererbe.e-commerce-uebungsplattform.de\/index.php\/wp-json\/wp\/v2\/product\/229870"}],"collection":[{"href":"https:\/\/m-viererbe.e-commerce-uebungsplattform.de\/index.php\/wp-json\/wp\/v2\/product"}],"about":[{"href":"https:\/\/m-viererbe.e-commerce-uebungsplattform.de\/index.php\/wp-json\/wp\/v2\/types\/product"}],"replies":[{"embeddable":true,"href":"https:\/\/m-viererbe.e-commerce-uebungsplattform.de\/index.php\/wp-json\/wp\/v2\/comments?post=229870"}],"wp:featuredmedia":[{"embeddable":true,"href":"https:\/\/m-viererbe.e-commerce-uebungsplattform.de\/index.php\/wp-json\/wp\/v2\/media\/229869"}],"wp:attachment":[{"href":"https:\/\/m-viererbe.e-commerce-uebungsplattform.de\/index.php\/wp-json\/wp\/v2\/media?parent=229870"}],"wp:term":[{"taxonomy":"product_cat","embeddable":true,"href":"https:\/\/m-viererbe.e-commerce-uebungsplattform.de\/index.php\/wp-json\/wp\/v2\/product_cat?post=229870"},{"taxonomy":"product_tag","embeddable":true,"href":"https:\/\/m-viererbe.e-commerce-uebungsplattform.de\/index.php\/wp-json\/wp\/v2\/product_tag?post=229870"}],"curies":[{"name":"wp","href":"https:\/\/api.w.org\/{rel}","templated":true}]}}