{"id":229840,"date":"2024-04-17T12:43:05","date_gmt":"2024-04-17T12:43:05","guid":{"rendered":"https:\/\/m-viererbe.e-commerce-uebungsplattform.de\/?page_id=229840"},"modified":"2024-04-17T13:15:07","modified_gmt":"2024-04-17T13:15:07","slug":"startseite","status":"publish","type":"page","link":"https:\/\/m-viererbe.e-commerce-uebungsplattform.de\/","title":{"rendered":"Startseite"},"content":{"rendered":"<p>[et_pb_section fb_built=&#8220;1&#8243; admin_label=&#8220;Hero&#8220; _builder_version=&#8220;4.24.3&#8243; background_color_gradient_direction=&#8220;135deg&#8220; animation_direction=&#8220;bottom&#8220; hover_enabled=&#8220;0&#8243; box_shadow_style=&#8220;preset3&#8243; box_shadow_vertical=&#8220;-313px&#8220; box_shadow_blur=&#8220;0px&#8220; box_shadow_color=&#8220;#ededed&#8220; box_shadow_position=&#8220;inner&#8220; global_colors_info=&#8220;{}&#8220; theme_builder_area=&#8220;post_content&#8220; sticky_enabled=&#8220;0&#8243; title_text=&#8220;Firefly_76a75316-c7a8-4d8a-b04e-c5b57714aeb0&#8243; background_image=&#8220;https:\/\/m-viererbe.e-commerce-uebungsplattform.de\/wp-content\/uploads\/2024\/04\/Firefly_76a75316-c7a8-4d8a-b04e-c5b57714aeb0-scaled.jpeg&#8220; background_enable_color=&#8220;off&#8220; custom_padding=&#8220;300px||11px||false|false&#8220; custom_padding_last_edited=&#8220;on|desktop&#8220; custom_margin_last_edited=&#8220;on|desktop&#8220; parallax=&#8220;on&#8220; custom_padding_tablet=&#8220;300px||11px||false|false&#8220; custom_padding_phone=&#8220;300px||11px||false|false&#8220;][et_pb_row _builder_version=&#8220;4.16&#8243; custom_padding=&#8220;|0px|39px|0px|false|false&#8220; global_colors_info=&#8220;{}&#8220; theme_builder_area=&#8220;post_content&#8220;][et_pb_column type=&#8220;4_4&#8243; _builder_version=&#8220;4.16&#8243; custom_padding=&#8220;|||&#8220; global_colors_info=&#8220;{}&#8220; custom_padding__hover=&#8220;|||&#8220; theme_builder_area=&#8220;post_content&#8220;][et_pb_text _builder_version=&#8220;4.24.3&#8243; text_font=&#8220;Poppins|700|||||||&#8220; text_text_color=&#8220;#ffffff&#8220; text_font_size=&#8220;30px&#8220; text_orientation=&#8220;center&#8220; hover_enabled=&#8220;0&#8243; text_font_size_tablet=&#8220;&#8220; text_font_size_phone=&#8220;20px&#8220; text_font_size_last_edited=&#8220;on|desktop&#8220; global_colors_info=&#8220;{}&#8220; theme_builder_area=&#8220;post_content&#8220; custom_padding=&#8220;||4px|||&#8220; sticky_enabled=&#8220;0&#8243;]<\/p>\n<p>Luxus The Shop<\/p>\n<p>[\/et_pb_text][et_pb_text _builder_version=&#8220;4.24.3&#8243; text_font=&#8220;Roboto|300|||||||&#8220; text_text_color=&#8220;#ffffff&#8220; text_font_size=&#8220;15px&#8220; text_line_height=&#8220;1.8em&#8220; text_orientation=&#8220;center&#8220; max_width=&#8220;45%&#8220; max_width_tablet=&#8220;80%&#8220; max_width_phone=&#8220;90%&#8220; max_width_last_edited=&#8220;on|desktop&#8220; module_alignment=&#8220;center&#8220; custom_margin=&#8220;-13px||&#8220; custom_padding=&#8220;0px||&#8220; hover_enabled=&#8220;0&#8243; global_colors_info=&#8220;{}&#8220; theme_builder_area=&#8220;post_content&#8220; sticky_enabled=&#8220;0&#8243;]<\/p>\n<p>Wir sind ein spezialisierter Onlineshop auf Luxus Uhren und Luxus Schmuck aller Art. Gold, Silber, Platin, bei uns bekommen Sie nur das beste und hochwertigste!<\/p>\n<p>[\/et_pb_text][\/et_pb_column][\/et_pb_row][et_pb_row use_custom_gutter=&#8220;on&#8220; gutter_width=&#8220;2&#8243; admin_label=&#8220;Contact Information&#8220; _builder_version=&#8220;4.24.3&#8243; custom_padding=&#8220;|||&#8220; hover_enabled=&#8220;0&#8243; global_colors_info=&#8220;{}&#8220; theme_builder_area=&#8220;post_content&#8220; column_structure=&#8220;1_3,1_3,1_3&#8243; sticky_enabled=&#8220;0&#8243;][et_pb_column type=&#8220;1_3&#8243; _builder_version=&#8220;4.16&#8243; background_color_gradient_direction=&#8220;243deg&#8220; background_color_gradient_start=&#8220;#3D72E7&#8243; background_color_gradient_end=&#8220;#53a0fe&#8220; custom_padding=&#8220;|||&#8220; global_colors_info=&#8220;{}&#8220; custom_padding__hover=&#8220;|||&#8220; theme_builder_area=&#8220;post_content&#8220;][et_pb_blurb title=&#8220;Luxus Uhren&#8220; image=&#8220;https:\/\/m-viererbe.e-commerce-uebungsplattform.de\/wp-content\/uploads\/2024\/04\/star33.png&#8220; image_icon_width=&#8220;60px&#8220; _builder_version=&#8220;4.24.3&#8243; header_font=&#8220;Poppins|600|||||||&#8220; header_text_color=&#8220;#000000&#8243; header_font_size=&#8220;20px&#8220; header_line_height=&#8220;1.4em&#8220; body_font=&#8220;Roboto|300|||||||&#8220; body_text_color=&#8220;#000000&#8243; body_font_size=&#8220;15px&#8220; body_line_height=&#8220;1.8em&#8220; background_color=&#8220;#ffffff&#8220; text_orientation=&#8220;center&#8220; custom_margin=&#8220;||-24px|&#8220; custom_padding=&#8220;40px|43px|64px|43px||true&#8220; animation=&#8220;off&#8220; hover_enabled=&#8220;0&#8243; image_max_width=&#8220;60px&#8220; icon_font_size=&#8220;64px&#8220; locked=&#8220;off&#8220; global_colors_info=&#8220;{}&#8220; theme_builder_area=&#8220;post_content&#8220; sticky_enabled=&#8220;0&#8243;]<\/p>\n<p>Excepteur sint occaecat cupidatat non proident sunt in culpa qui officia deserunt mollit id laborum.<\/p>\n<p>[\/et_pb_blurb][et_pb_button button_text=&#8220;Jetzt St\u00f6bern&#8220; button_alignment=&#8220;center&#8220; _builder_version=&#8220;4.24.3&#8243; custom_button=&#8220;on&#8220; button_text_size=&#8220;14px&#8220; button_text_color=&#8220;#ffffff&#8220; button_bg_color=&#8220;#383838&#8243; button_border_width=&#8220;1px&#8220; button_border_color=&#8220;#383838&#8243; button_border_radius=&#8220;0px&#8220; button_letter_spacing=&#8220;1px&#8220; button_font=&#8220;Poppins|||on|||||&#8220; button_use_icon=&#8220;off&#8220; custom_margin=&#8220;||&#8220; custom_padding=&#8220;17px|30px|17px|30px|true|true&#8220; hover_enabled=&#8220;0&#8243; global_colors_info=&#8220;{}&#8220; button_bg_color__hover_enabled=&#8220;on&#8220; button_bg_color__hover=&#8220;#bfbfbf&#8220; button_letter_spacing__hover_enabled=&#8220;on&#8220; button_letter_spacing__hover=&#8220;2px&#8220; button_border_color__hover_enabled=&#8220;on&#8220; button_border_color__hover=&#8220;#bfbfbf&#8220; button_text_color__hover_enabled=&#8220;on&#8220; button_text_color__hover=&#8220;#000000&#8243; theme_builder_area=&#8220;post_content&#8220; sticky_enabled=&#8220;0&#8243;][\/et_pb_button][\/et_pb_column][et_pb_column type=&#8220;1_3&#8243; _builder_version=&#8220;4.16&#8243; background_color_gradient_direction=&#8220;243deg&#8220; background_color_gradient_start=&#8220;#3D72E7&#8243; background_color_gradient_end=&#8220;#53a0fe&#8220; custom_padding=&#8220;|||&#8220; global_colors_info=&#8220;{}&#8220; custom_padding__hover=&#8220;|||&#8220; theme_builder_area=&#8220;post_content&#8220;][et_pb_blurb title=&#8220;Luxus Schmuck&#8220; image=&#8220;https:\/\/m-viererbe.e-commerce-uebungsplattform.de\/wp-content\/uploads\/2024\/04\/star33.png&#8220; image_icon_width=&#8220;60px&#8220; _builder_version=&#8220;4.24.3&#8243; header_font=&#8220;Poppins|600|||||||&#8220; header_text_color=&#8220;#000000&#8243; header_font_size=&#8220;20px&#8220; header_line_height=&#8220;1.4em&#8220; body_font=&#8220;Roboto|300|||||||&#8220; body_text_color=&#8220;#000000&#8243; body_font_size=&#8220;15px&#8220; body_line_height=&#8220;1.8em&#8220; background_color=&#8220;#ffffff&#8220; text_orientation=&#8220;center&#8220; custom_margin=&#8220;||-24px|&#8220; custom_padding=&#8220;40px|43px|64px|43px||true&#8220; animation=&#8220;off&#8220; hover_enabled=&#8220;0&#8243; image_max_width=&#8220;60px&#8220; icon_font_size=&#8220;64px&#8220; locked=&#8220;off&#8220; global_colors_info=&#8220;{}&#8220; theme_builder_area=&#8220;post_content&#8220; sticky_enabled=&#8220;0&#8243;]<\/p>\n<p>Excepteur sint occaecat cupidatat non proident sunt in culpa qui officia deserunt mollit id laborum.<\/p>\n<p>[\/et_pb_blurb][et_pb_button button_text=&#8220;Jetzt St\u00f6bern&#8220; button_alignment=&#8220;center&#8220; _builder_version=&#8220;4.24.3&#8243; custom_button=&#8220;on&#8220; button_text_size=&#8220;14px&#8220; button_text_color=&#8220;#ffffff&#8220; button_bg_color=&#8220;#383838&#8243; button_border_width=&#8220;1px&#8220; button_border_color=&#8220;#383838&#8243; button_border_radius=&#8220;0px&#8220; button_letter_spacing=&#8220;1px&#8220; button_font=&#8220;Poppins|||on|||||&#8220; button_use_icon=&#8220;off&#8220; custom_margin=&#8220;||&#8220; custom_padding=&#8220;17px|30px|17px|30px|true|true&#8220; hover_enabled=&#8220;0&#8243; global_colors_info=&#8220;{}&#8220; button_bg_color__hover_enabled=&#8220;on&#8220; button_bg_color__hover=&#8220;#bfbfbf&#8220; button_letter_spacing__hover_enabled=&#8220;on&#8220; button_letter_spacing__hover=&#8220;2px&#8220; button_border_color__hover_enabled=&#8220;on&#8220; button_border_color__hover=&#8220;#bfbfbf&#8220; button_text_color__hover_enabled=&#8220;on&#8220; button_text_color__hover=&#8220;#000000&#8243; theme_builder_area=&#8220;post_content&#8220; sticky_enabled=&#8220;0&#8243;][\/et_pb_button][\/et_pb_column][et_pb_column type=&#8220;1_3&#8243; _builder_version=&#8220;4.16&#8243; background_color_gradient_direction=&#8220;243deg&#8220; background_color_gradient_start=&#8220;#3D72E7&#8243; background_color_gradient_end=&#8220;#53A0FE&#8220; custom_padding=&#8220;|||&#8220; global_colors_info=&#8220;{}&#8220; custom_padding__hover=&#8220;|||&#8220; theme_builder_area=&#8220;post_content&#8220;][et_pb_blurb title=&#8220;Schauen wir mal&#8220; image=&#8220;https:\/\/m-viererbe.e-commerce-uebungsplattform.de\/wp-content\/uploads\/2024\/04\/star33.png&#8220; image_icon_width=&#8220;60px&#8220; _builder_version=&#8220;4.24.3&#8243; header_font=&#8220;Poppins|600|||||||&#8220; header_text_color=&#8220;#000000&#8243; header_font_size=&#8220;20px&#8220; header_line_height=&#8220;1.4em&#8220; body_font=&#8220;Roboto|300|||||||&#8220; body_text_color=&#8220;#000000&#8243; body_font_size=&#8220;15px&#8220; body_line_height=&#8220;1.8em&#8220; background_color=&#8220;#ffffff&#8220; text_orientation=&#8220;center&#8220; custom_margin=&#8220;||-24px|&#8220; custom_padding=&#8220;40px|43px|64px|43px||true&#8220; animation=&#8220;off&#8220; hover_enabled=&#8220;0&#8243; image_max_width=&#8220;60px&#8220; icon_font_size=&#8220;64px&#8220; locked=&#8220;off&#8220; global_colors_info=&#8220;{}&#8220; theme_builder_area=&#8220;post_content&#8220; sticky_enabled=&#8220;0&#8243;]<\/p>\n<p>Excepteur sint occaecat cupidatat non proident sunt in culpa qui officia deserunt mollit id laborum.<\/p>\n<p>[\/et_pb_blurb][et_pb_button button_text=&#8220;Jetzt St\u00f6bern&#8220; button_alignment=&#8220;center&#8220; _builder_version=&#8220;4.24.3&#8243; custom_button=&#8220;on&#8220; button_text_size=&#8220;14px&#8220; button_text_color=&#8220;#ffffff&#8220; button_bg_color=&#8220;#383838&#8243; button_border_width=&#8220;1px&#8220; button_border_color=&#8220;#383838&#8243; button_border_radius=&#8220;0px&#8220; button_letter_spacing=&#8220;1px&#8220; button_font=&#8220;Poppins|||on|||||&#8220; button_use_icon=&#8220;off&#8220; custom_margin=&#8220;||&#8220; custom_padding=&#8220;17px|30px|17px|30px|true|true&#8220; hover_enabled=&#8220;0&#8243; global_colors_info=&#8220;{}&#8220; button_bg_color__hover_enabled=&#8220;on&#8220; button_bg_color__hover=&#8220;#bfbfbf&#8220; button_letter_spacing__hover_enabled=&#8220;on&#8220; button_letter_spacing__hover=&#8220;2px&#8220; button_border_color__hover_enabled=&#8220;on&#8220; button_border_color__hover=&#8220;#bfbfbf&#8220; button_text_color__hover_enabled=&#8220;on&#8220; button_text_color__hover=&#8220;#000000&#8243; theme_builder_area=&#8220;post_content&#8220; sticky_enabled=&#8220;0&#8243;][\/et_pb_button][\/et_pb_column][\/et_pb_row][\/et_pb_section][et_pb_section fb_built=&#8220;1&#8243; theme_builder_area=&#8220;post_content&#8220; _builder_version=&#8220;4.24.3&#8243; _module_preset=&#8220;default&#8220; hover_enabled=&#8220;0&#8243; sticky_enabled=&#8220;0&#8243;][et_pb_row _builder_version=&#8220;4.24.3&#8243; _module_preset=&#8220;default&#8220; theme_builder_area=&#8220;post_content&#8220;][et_pb_column _builder_version=&#8220;4.24.3&#8243; _module_preset=&#8220;default&#8220; type=&#8220;4_4&#8243; theme_builder_area=&#8220;post_content&#8220;][et_pb_text _builder_version=&#8220;4.24.3&#8243; _module_preset=&#8220;default&#8220; theme_builder_area=&#8220;post_content&#8220; hover_enabled=&#8220;0&#8243; sticky_enabled=&#8220;0&#8243;]<\/p>\n<p>Willkommen bei Luxus Shop, Ihrem Ziel f\u00fcr exklusive Luxusuhren. Tauchen Sie ein in die faszinierende Welt der Uhrenkunst und entdecken Sie zeitlose Meisterwerke, die Eleganz und Pr\u00e4zision verk\u00f6rpern. Unsere handverlesene Kollektion umfasst erstklassige Uhrenmarken von renommierten Herstellern, die f\u00fcr ihre herausragende Qualit\u00e4t und erstklassige Uhrmacherkunst bekannt sind. Jede Luxusuhr in unserem Sortiment ist ein Symbol f\u00fcr Stil und Raffinesse und spiegelt die Anspr\u00fcche anspruchsvoller Uhrenliebhaber wider. Finden Sie Ihre perfekte Luxusuhr bei Luxus Shop und erleben Sie die zeitlose Sch\u00f6nheit, die nur eine exklusive Uhr bieten kann. Luxus Schmuck und Uhren \u2013 Ihr Paradies f\u00fcr Luxusuhren.<\/p>\n<p>[\/et_pb_text][\/et_pb_column][\/et_pb_row][\/et_pb_section]<\/p>\n","protected":false},"excerpt":{"rendered":"<p>Luxus The ShopWir sind ein spezialisierter Onlineshop auf Luxus Uhren und Luxus Schmuck aller Art. Gold, Silber, Platin, bei uns bekommen Sie nur das beste und hochwertigste!Excepteur sint occaecat cupidatat non proident sunt in culpa qui officia deserunt mollit id laborum.Excepteur sint occaecat cupidatat non proident sunt in culpa qui officia deserunt mollit id laborum.Excepteur [&hellip;]<\/p>\n","protected":false},"author":1,"featured_media":0,"parent":0,"menu_order":0,"comment_status":"closed","ping_status":"closed","template":"","meta":{"_et_pb_use_builder":"on","_et_pb_old_content":"<!-- wp:divi\/placeholder \/-->","_et_gb_content_width":"","footnotes":""},"_links":{"self":[{"href":"https:\/\/m-viererbe.e-commerce-uebungsplattform.de\/index.php\/wp-json\/wp\/v2\/pages\/229840"}],"collection":[{"href":"https:\/\/m-viererbe.e-commerce-uebungsplattform.de\/index.php\/wp-json\/wp\/v2\/pages"}],"about":[{"href":"https:\/\/m-viererbe.e-commerce-uebungsplattform.de\/index.php\/wp-json\/wp\/v2\/types\/page"}],"author":[{"embeddable":true,"href":"https:\/\/m-viererbe.e-commerce-uebungsplattform.de\/index.php\/wp-json\/wp\/v2\/users\/1"}],"replies":[{"embeddable":true,"href":"https:\/\/m-viererbe.e-commerce-uebungsplattform.de\/index.php\/wp-json\/wp\/v2\/comments?post=229840"}],"version-history":[{"count":3,"href":"https:\/\/m-viererbe.e-commerce-uebungsplattform.de\/index.php\/wp-json\/wp\/v2\/pages\/229840\/revisions"}],"predecessor-version":[{"id":229850,"href":"https:\/\/m-viererbe.e-commerce-uebungsplattform.de\/index.php\/wp-json\/wp\/v2\/pages\/229840\/revisions\/229850"}],"wp:attachment":[{"href":"https:\/\/m-viererbe.e-commerce-uebungsplattform.de\/index.php\/wp-json\/wp\/v2\/media?parent=229840"}],"curies":[{"name":"wp","href":"https:\/\/api.w.org\/{rel}","templated":true}]}}